{"id":3014,"date":"2019-07-11T09:16:52","date_gmt":"2019-07-11T09:16:52","guid":{"rendered":"https:\/\/sktperfectdemo.com\/demos\/adventure\/?page_id=3014"},"modified":"2021-07-07T10:16:32","modified_gmt":"2021-07-07T08:16:32","slug":"home","status":"publish","type":"page","link":"https:\/\/pieninykajak.pl\/","title":{"rendered":"Home"},"content":{"rendered":"<div class=\"skt-builder-block-wrapper skt-builder-home-section2-block skt-builder-home-section2-block-157\" style=\"background-color: #f3f3f3;  background-image: url(https:\/\/sktperfectdemo.com\/demos\/adventure\/wp-content\/themes\/adventure\/blocks\/home_section2\/assets\/img\/section-bg.jpg); padding-bottom: 20px; padding-top: 20px; \">\r\n\t<div class=\"skt-builder-block-inner skt-builder-block-inner-157\" style=\"\">\r\n\t\t<div class=\"skt-builder-container\">\r\n\t\t\t\t<div class=\"skt-builder-block-title\" style=\"text-align: center; text-shadow: 4px 4px 2px #d5d5d5;\">\r\n\t\t\t\t\t<h2 style=\"color: #282828; font-size: 36px; margin-bottom: 50px; text-align: center;\">SP\u0141YW KAJAKOWY NA DUNAJCU<\/h2>\r\n\t\t\t\t<\/div>\r\n\t\t\t<div class=\"skt-builder-columns-row skt-builder-columns-row-3column\">\r\n\t\t\t\t\t<div class=\"skt-builder-column skt-builder-shape-column skt-builder-shape-column-159\">\r\n                    <div class=\"skt-builder-column-bg\">\r\n                        <style>                                \r\n                           .skt-builder-shape-column-159:hover .skt-builder-column-bg{background-color:#e64d43 !important;}\r\n                           .skt-builder-shape-column-159:hover .skt-builder-shape-column-title,\r\n                           .skt-builder-shape-column-159:hover .skt-builder-shape-column-text,\r\n\t\t\t\t\t\t   .skt-builder-shape-column-159:hover .skt-builder-shape-column-text a{color:#ffffff !important;}\r\n                           .skt-builder-shape-column-159:hover .diamondshape span{color:#ffffff !important;}\r\n                        <\/style>\r\n                        <div class=\"skt-builder-column-inner\">\r\n                            <div class=\"diamondshape\" style=\"border-color:#ffffff;\">\r\n                            \t<div class=\"CountNumber\" style=\"background:#e64d43\">1<\/div>\r\n                            \t<span class=\"fa fa-tree\" style=\"color:#333333;\"><\/span>\r\n                            \r\n                            <\/div>\r\n                            <h6 class=\"skt-builder-shape-column-title\" style=\"color: #282828;\">PRZYRODA<\/h6>\r\n                            <div class=\"skt-builder-shape-column-text\" style=\"color: #282828;\">\r\n                                <p>Trasa sp\u0142ywu kajakowego, obejmuje tereny Pieni\u0144skiego Parku Narodowego, oraz tereny granicy Polsko - S\u0142owackiej.<\/p>\r\n                                \r\n                            <\/div>\r\n                        <\/div>\r\n                     <\/div><!-- skt-builder-column-bg -->\r\n\t\t\t\t\t<\/div>                    \r\n\t\t\t\t\t<div class=\"skt-builder-column skt-builder-shape-column skt-builder-shape-column-163\">\r\n                    <div class=\"skt-builder-column-bg\">\r\n                        <style>                                \r\n                           .skt-builder-shape-column-163:hover .skt-builder-column-bg{background-color:#e64d43 !important;}\r\n                           .skt-builder-shape-column-163:hover .skt-builder-shape-column-title,\r\n                           .skt-builder-shape-column-163:hover .skt-builder-shape-column-text,\r\n\t\t\t\t\t\t   .skt-builder-shape-column-163:hover .skt-builder-shape-column-text a{color:#ffffff !important;}\r\n                           .skt-builder-shape-column-163:hover .diamondshape span{color:#ffffff !important;}\r\n                        <\/style>\r\n                        <div class=\"skt-builder-column-inner\">\r\n                            <div class=\"diamondshape\" style=\"border-color:#ffffff;\">\r\n                            \t<div class=\"CountNumber\" style=\"background:#e64d43\">2<\/div>\r\n                            \t<span class=\"glyphicon glyphicon-usd\" style=\"color:#333333;\"><\/span>\r\n                            \r\n                            <\/div>\r\n                            <h6 class=\"skt-builder-shape-column-title\" style=\"color: #282828;\">OSZCZ\u0118DNO\u015a\u0106 PIENI\u0118DZY<\/h6>\r\n                            <div class=\"skt-builder-shape-column-text\" style=\"color: #282828;\">\r\n                                <p>Sp\u0142yw kajakiem jest jedn\u0105 z najta\u0144szych ofert poznania tej cz\u0119\u015bci pienin, a w dodatku p\u0142yn\u0105cy sam decyduje o tempie wycieczki.<\/p>\r\n                                \r\n                            <\/div>\r\n                        <\/div>\r\n                     <\/div><!-- skt-builder-column-bg -->\r\n\t\t\t\t\t<\/div>                    \r\n\t\t\t\t\t<div class=\"skt-builder-column skt-builder-shape-column skt-builder-shape-column-166\">\r\n                    <div class=\"skt-builder-column-bg\">\r\n                        <style>                                \r\n                           .skt-builder-shape-column-166:hover .skt-builder-column-bg{background-color:#e64d43 !important;}\r\n                           .skt-builder-shape-column-166:hover .skt-builder-shape-column-title,\r\n                           .skt-builder-shape-column-166:hover .skt-builder-shape-column-text,\r\n\t\t\t\t\t\t   .skt-builder-shape-column-166:hover .skt-builder-shape-column-text a{color:#ffffff !important;}\r\n                           .skt-builder-shape-column-166:hover .diamondshape span{color:#ffffff !important;}\r\n                        <\/style>\r\n                        <div class=\"skt-builder-column-inner\">\r\n                            <div class=\"diamondshape\" style=\"border-color:#ffffff;\">\r\n                            \t<div class=\"CountNumber\" style=\"background:#e64d43\">3<\/div>\r\n                            \t<span class=\"fa fa-camera\" style=\"color:#333333;\"><\/span>\r\n                            \r\n                            <\/div>\r\n                            <h6 class=\"skt-builder-shape-column-title\" style=\"color: #282828;\">PI\u0118KNE WIDOKI<\/h6>\r\n                            <div class=\"skt-builder-shape-column-text\" style=\"color: #282828;\">\r\n                                <p>Ka\u017cdy p\u0142yn\u0105cy kajakiem w prze\u0142omie Dunajca ma pewno\u015b\u0107, \u017ce na w\u0142asne oczy zobaczy jeden z cud\u00f3w natury.<\/p>\r\n                                \r\n                            <\/div>\r\n                        <\/div>\r\n                     <\/div><!-- skt-builder-column-bg -->\r\n\t\t\t\t\t<\/div>                    \r\n           \r\n\t\t\t<\/div>\r\n\t\t<\/div>\r\n\t<\/div>\r\n<\/div>\r\n\r\n<script>\r\njQuery(document).ready(function() {\r\n    jQuery('p').each(function() {\r\n        var $this = jQuery(this);\r\n        if($this.html().replace(\/s|&nbsp;\/g, '').length == 0) {\r\n            $this.remove();\r\n        }\r\n    });\r\n});\r\n\r\njQuery(document).ready(function() {\r\n    jQuery('p').each(function() {\r\n        var $this = jQuery(this);\r\n        if($this.html().replace(\/s|<br>\/g, '').length == 0) {\r\n            $this.remove();\r\n        }\r\n    });\r\n});\r\n<\/script>\r\n\r\n<div id=\"sktbuilder-text-block-435\" class=\"sktbuilder-block sktbuilder-text\">\r\n    <div class=\"qb-container\">\r\n            <div class=\"sktbuilder-header\">\r\n                <div class=\"sktbuilder-header__description sktbuilder-text__description sktbuilder-header__description_color_black\">\r\n                   <p class=\"ql-align-center\">Sp\u0142ywy kajakiem po Dunajcu z rodzin\u0105, indywidualnie czy&nbsp;firmowy to doskona\u0142a forma rozrywki z ogromn\u0105 dawk\u0105 adrenaliny. Niezapomniana i wyj\u0105tkowa zabawa na falach, kt\u00f3ra na d\u0142ugo pozostanie w pami\u0119ci i wspomnieniach ka\u017cdego uczestnika.<\/p><p class=\"ql-align-center\"><br><\/p><p class=\"ql-align-center\">Sp\u0142yw kajakowy Dunajcem, na trasie Sromowce Ni\u017cne \u2013 Kro\u015bcienko n\/Dunajcem rozpoczynamy w miejscowo\u015bci Sromowce Ni\u017cne, gdzie znajduje si\u0119 przysta\u0144 pocz\u0105tkowa sp\u0142ywu, a ko\u0144czymy w Kro\u015bcienku n\/Dunajcem. Trasa sp\u0142ywu kajakowego Dunajcem to oko\u0142o 18 km malowniczego odcinka, prowadz\u0105cego przez wi\u0119ksz\u0105 cz\u0119\u015b\u0107&nbsp;Prze\u0142omu Dunajca jak r\u00f3wnie\u017c wzd\u0142u\u017c granicy Polsko - S\u0142owackiej. W trakcie sp\u0142ywu kajakowego Dunajcem b\u0119dzie mo\u017cna podziwia\u0107 szczyty takie jak Sokolica (747 m n.p.m) czy Trzy Korony (982 m n.p.m).&nbsp;Kajaki na Dunajcu to idealna propozycja dla os\u00f3b chc\u0105cych po\u0142\u0105czy\u0107 aktywny wypoczynek z mo\u017cliwo\u015bci\u0105 podziwiania krajobrazu pieni\u0144skiej przyrody.&nbsp;<\/p><p class=\"ql-align-center\"><br><\/p>\r\n                <\/div>\r\n            <\/div>\r\n    <\/div>\r\n<\/div><div id=\"sktbuilder-map-block-904\" class=\"sktbuilder-block sktbuilder-map\">\r\n    <div class=\"qb-container\">\r\n          <div class=\"sktbuilder-header\">\r\n                    <div class=\"sktbuilder-header__description sktbuilder-header-map__description sktbuilder-header__description_color_black\">\r\n                       <p><br><\/p>\r\n                    <\/div>\r\n           <\/div>\r\n    <\/div>\r\n     <div class=\"sktbuilder-map__wrapper\">\r\n            <iframe class=\"sktbuilder-map__map\" src=\"https:\/\/www.google.com\/maps\/embed\/v1\/place?key&#x3D;AIzaSyBnLzgjCRCWqJG2NNlY4y4SiNkirdHEj1g&amp;q&#x3D;Pieni%C5%84ska+1,+34-443+Sromowce+Ni%C5%BCne\" style=\"border:0; height: 400px; width: 100%;\" frameborder=\"0\" allowfullscreen><\/iframe>\r\n        <\/div>\r\n<\/div><div class=\"skt-builder-block-wrapper skt-builder-testimonial-carousel-block skt-builder-testimonial-carousel-block-416\" style=\"background-color: #ffffff; background-image: url(https:\/\/sktperfectdemo.com\/demos\/adventure\/wp-content\/themes\/adventure\/blocks\/home_section5\/assets\/img\/sectionbg.jpg); padding-bottom: 50px; padding-top: 60px; \">\r\n\t<div class=\"skt-builder-block-inner skt-builder-block-inner-416\" style=\"\">\r\n\t\t<div class=\"skt-builder-container\">\r\n\t\t\t\t<div class=\"skt-builder-block-title\">\r\n\t\t\t\t\t<h2 style=\"color: #000; font-size: 26px; margin-bottom: 30px;  text-align: center;\">NASZ ZESP\u00d3\u0141<\/h2>\r\n\t\t\t\t<\/div>\r\n                <div class=\"skt-builder-block-description\"><p><br><\/p><\/div>\r\n <style>\r\n    .bxslider.owl-carousel-416 .owl-prev, .bxslider.owl-carousel-416 .owl-next{color: #ffffff !important;}\r\n    .bxslider.owl-carousel-416 .owl-prev:hover, .skt-builder-carousel.owl-carousel-416 .owl-next:hover{color: #000000 !important;}\r\n    .bxslider.owl-carousel-416  .owl-dots.active, .bxslider.owl-carousel-416 .owl-dots{color: #FFFFFF;}    \r\n\t.bxslider.owl-carousel-416 .owl-dot.active span{background-color:#FFFFFF;}\r\n\t.bxslider.owl-carousel-416 .owl-nav{font-size:40px;}    \r\n\t.bxslider.owl-carousel-416 .owl-prev{margin-right: 60px;}\r\n\t.bxslider.owl-carousel-416 .owl-dots{right:30px;}\r\n\t\r\n\t\r\n<\/style> \r\n\t\t\t<div class=\"skt-builder-carousel owl-carousel-builder bxslider owl-carousel-416 skt-builder-carousel-items-3\">\r\n\t\t\t\t\t<div class=\"item\">\r\n\t\t\t\t\t\t<div class=\"skt-builder-testimonial-content\" style=\"background:none;\">\r\n\t\t\t\t\t\t\t<div class=\"skt-builder-testimonial-image\" style=\"border-color: #89c421;\"><img decoding=\"async\" src=\"http:\/\/pieninykajak.pl\/wp-content\/uploads\/2020\/05\/TKucia.png\"><\/div>\r\n                            <div class=\"skt-builder-testimonial-quote\" style=\"color: #000;\">\r\n                                <i class=\"fa fa-quote-left\" aria-hidden=\"true\"><\/i>\r\n                            <\/div>\r\n\t\t\t\t\t\t\t<div class=\"skt-builder-testimonial-description\" style=\"color: #000;\"><p>Absolwent Szko\u0142y Mistrzostwa Sportowego w Krakowie, Absolwent studi\u00f3w Magisterskich PPWSZ Nowy TARG na kierunku Turystyka i Rekreacja. By\u0142y reprezentant Polski w kajakarstwie slalomowym. Uczestnik Mistrzostw \u015awiata i Europy. Z\u0142oty Medalista Mistrzostw Europy Junior\u00f3w ,medalista Mistrzostw Polski. Z Wod\u0105 i Dunajcem zwi\u0105zany od ma\u0142ego.<\/p><\/div>\r\n\t\t\t\t\t\t\t<h6 class=\"skt-builder-testimonial-title\" style=\"color: #000;\">Tomasz Kucia<\/h6>\r\n\t\t\t\t\t\t\t<p class=\"skt-builder-testimonial-info\" style=\"color: #000;\">INSTRUKTOR \/ STERNIK<\/p>\r\n\t\t\t\t\t\t<\/div>\r\n\t\t\t\t\t<\/div>\r\n\t\t\t\t\t<div class=\"item\">\r\n\t\t\t\t\t\t<div class=\"skt-builder-testimonial-content\" style=\"background:#fff;\">\r\n\t\t\t\t\t\t\t<div class=\"skt-builder-testimonial-image\" style=\"border-color: #ffffff;\"><img decoding=\"async\" src=\"http:\/\/pieninykajak.pl\/wp-content\/uploads\/2020\/05\/MPiwoni.png\"><\/div>\r\n                            <div class=\"skt-builder-testimonial-quote\" style=\"color: #000;\">\r\n                                <i class=\"fa fa-quote-left\" aria-hidden=\"true\"><\/i>\r\n                            <\/div>\r\n\t\t\t\t\t\t\t<div class=\"skt-builder-testimonial-description\" style=\"color: #000;\"><p>Absolwent PPWSZ w Nowym Targu na kierunku Turystyka i Rekreacja. W swojej pracy nie boi si\u0119 niczego , specjalista od klient\u00f3w zagranicznych. Lubi nawi\u0105zywa\u0107 nowe znajomo\u015bci.<\/p><\/div>\r\n\t\t\t\t\t\t\t<h6 class=\"skt-builder-testimonial-title\" style=\"color: #000;\">Marek Piwoni<\/h6>\r\n\t\t\t\t\t\t\t<p class=\"skt-builder-testimonial-info\" style=\"color: #000;\">INSTRUKTOR \/ STERNIK<\/p>\r\n\t\t\t\t\t\t<\/div>\r\n\t\t\t\t\t<\/div>\r\n\t\t\t\t\t<div class=\"item\">\r\n\t\t\t\t\t\t<div class=\"skt-builder-testimonial-content\" style=\"background:none;\">\r\n\t\t\t\t\t\t\t<div class=\"skt-builder-testimonial-image\" style=\"border-color: #ffffff;\"><img decoding=\"async\" src=\"http:\/\/pieninykajak.pl\/wp-content\/uploads\/2020\/05\/WBanko.png\"><\/div>\r\n                            <div class=\"skt-builder-testimonial-quote\" style=\"color: #000;\">\r\n                                <i class=\"fa fa-quote-left\" aria-hidden=\"true\"><\/i>\r\n                            <\/div>\r\n\t\t\t\t\t\t\t<div class=\"skt-builder-testimonial-description\" style=\"color: #000;\"><p>Zawsze u\u015bmiechni\u0119ty, pe\u0142ny pozytywnej energii i pasji. Dobry duch zespo\u0142u, dla kt\u00f3rego najwi\u0119kszym bogactwem w \u017cyciu, jest robienie tego, co kocha. Zapalony narciarz i \u017ceglarz. W sezonie zimowym instruktor narciarstwa, latem skipper prowadz\u0105cy rejsy morskie na pok\u0142adach jacht\u00f3w. Pasjonat jazzu, klasycznej motoryzacji, od niedawna r\u00f3wnie\u017c motocykli typu adventure enduro. Od najm\u0142odszych lat zwi\u0105zany z Pieninami.<\/p><\/div>\r\n\t\t\t\t\t\t\t<h6 class=\"skt-builder-testimonial-title\" style=\"color: #000;\">Wojciech Banko<\/h6>\r\n\t\t\t\t\t\t\t<p class=\"skt-builder-testimonial-info\" style=\"color: #000;\">INSTRUKTOR \/ STERNIK<\/p>\r\n\t\t\t\t\t\t<\/div>\r\n\t\t\t\t\t<\/div>\r\n\t\t\t<\/div>\r\n\t\t<\/div>\r\n\t<\/div>\r\n<\/div>\r\n\r\n\r\n<script>\r\njQuery(document).ready(function() {\r\n   jQuery('.bxslider.owl-carousel-416').owlCarousel({\r\n\t\tmargin: 30,\r\n\t\tlautoplayTimeout: 3000,\r\n\t\tsmartSpeed: 500,\r\n\t\tloop: true,\r\n\t\tautoplay: true,\r\n\t\tautoplayHoverPause: true,\r\n\t\tnav: true,\r\n\t\tdots: true,\r\n\t\tpaginationNumbers: true,\r\n\t\tnavText: ['<span class=\"fa fa-caret-left\"><\/span>','<span class=\"fa fa-caret-right\"><\/span>'],\r\n\t\tresponsiveClass:true,\r\n\t\tresponsive: {\r\n\t\t\t0:{\r\n\t\t\t\titems: 1,\r\n\t\t\t},\r\n\t\t\t600:{\r\n\t\t\t\titems: 1,\r\n\t\t\t},\r\n\t\t\t1000:{\r\n\t\t\t\titems: 3,\r\n\t\t\t}\r\n    \t}\r\n  })  \r\n});\r\n\r\n\r\n<\/script><div class=\"skt-builder-block-wrapper skt-builder-home-section9-block skt-builder-logo-carousel-block skt-builder-logo-carousel-block-802\" style=\"background-color: #ffffff; background-image: url(); padding-bottom: 90px; padding-top: 80px; \">\r\n\t<div class=\"skt-builder-block-inner skt-builder-block-inner-802\" style=\"\">\r\n\t\t<div class=\"skt-builder-container\">\r\n\t\t\t<style>\r\n\t\t\t\t.skt-builder-carousel.owl-carousel-802 .owl-nav{font-size: 40px; text-align: right;}\r\n\t\t\t\t.skt-builder-carousel.owl-carousel-802 .owl-prev{color: #000000 !important; margin-right: 15px;}\r\n\t\t\t\t.skt-builder-carousel.owl-carousel-802 .owl-next{color: #000000 !important;}\r\n\t\t\t\t.skt-builder-carousel.owl-carousel-802 .owl-prev:hover, .skt-builder-carousel.owl-carousel-802 .owl-next:hover{color: #A2A2A2 !important;}\r\n\t\t\t\t.skt-builder-carousel.owl-carousel-802 .owl-dots{text-align: center;}\r\n\t\t\t\t.skt-builder-carousel.owl-carousel-802 .owl-dots .owl-dot{background-color: #FFFFFF; border-color: #000000;}\r\n\t\t\t\t.skt-builder-carousel.owl-carousel-802 .owl-dots .owl-dot.active{background-color: #000000; border-color: #000000;}\r\n\t\t\t<\/style>\r\n\t\t\t<div class=\"skt-builder-carousel skt-builder-carousel-bullets-style1 owl-carousel-builder owl-carousel-802\" >\r\n\t\t\t\t\t<div class=\"item\">\r\n\t\t\t\t\t\t\t<a href=\"#link1\" >\r\n\t\t\t\t\t\t\t<img decoding=\"async\" src=\"https:\/\/sktperfectdemo.com\/demos\/adventure\/wp-content\/themes\/adventure\/blocks\/home_section9\/assets\/img\/client-logo-1.jpg\">\r\n\t\t\t\t\t\t\t<\/a>\r\n\t\t\t\t\t<\/div>\r\n\t\t\t\t\t<div class=\"item\">\r\n\t\t\t\t\t\t\t<a href=\"#link2\" >\r\n\t\t\t\t\t\t\t<img decoding=\"async\" src=\"https:\/\/sktperfectdemo.com\/demos\/adventure\/wp-content\/themes\/adventure\/blocks\/home_section9\/assets\/img\/client-logo-2.jpg\">\r\n\t\t\t\t\t\t\t<\/a>\r\n\t\t\t\t\t<\/div>\r\n\t\t\t\t\t<div class=\"item\">\r\n\t\t\t\t\t\t\t<a href=\"#link3\" >\r\n\t\t\t\t\t\t\t<img decoding=\"async\" src=\"https:\/\/sktperfectdemo.com\/demos\/adventure\/wp-content\/themes\/adventure\/blocks\/home_section9\/assets\/img\/client-logo-3.jpg\">\r\n\t\t\t\t\t\t\t<\/a>\r\n\t\t\t\t\t<\/div>\r\n\t\t\t\t\t<div class=\"item\">\r\n\t\t\t\t\t\t\t<a href=\"#link4\" >\r\n\t\t\t\t\t\t\t<img decoding=\"async\" src=\"https:\/\/sktperfectdemo.com\/demos\/adventure\/wp-content\/themes\/adventure\/blocks\/home_section9\/assets\/img\/client-logo-4.jpg\">\r\n\t\t\t\t\t\t\t<\/a>\r\n\t\t\t\t\t<\/div>\r\n\t\t\t\t\t<div class=\"item\">\r\n\t\t\t\t\t\t\t<a href=\"#link5\" >\r\n\t\t\t\t\t\t\t<img decoding=\"async\" src=\"https:\/\/sktperfectdemo.com\/demos\/adventure\/wp-content\/themes\/adventure\/blocks\/home_section9\/assets\/img\/client-logo-5.jpg\">\r\n\t\t\t\t\t\t\t<\/a>\r\n\t\t\t\t\t<\/div>\r\n\t\t\t\t\t<div class=\"item\">\r\n\t\t\t\t\t\t\t<a href=\"#link6\" >\r\n\t\t\t\t\t\t\t<img decoding=\"async\" src=\"https:\/\/sktperfectdemo.com\/demos\/adventure\/wp-content\/themes\/adventure\/blocks\/home_section9\/assets\/img\/client-logo-3.jpg\">\r\n\t\t\t\t\t\t\t<\/a>\r\n\t\t\t\t\t<\/div>\r\n\t\t\t<\/div>\r\n\t\t<\/div>\r\n\t<\/div>\r\n<\/div>\r\n\r\n<script>\r\njQuery(document).ready(function() {\r\n  jQuery('.owl-carousel-802').owlCarousel({\r\n\tmargin: 30,\r\n\tautoplayTimeout: 3000,\r\n\tsmartSpeed: 500,\r\n\tloop: false,\r\n\tautoplay: false,\r\n\tautoplayHoverPause: true,\r\n\tnav: false,\r\n\tdots: false,\r\n\tnavText: ['<span class=\"fa fa-angle-left\"><\/span>','<span class=\"fa fa-angle-right\"><\/span>'],\r\n\tresponsiveClass: true,\r\n\tresponsive:{\r\n        0:{\r\n            items: 2,\r\n        },\r\n        600:{\r\n            items: 3,\r\n        },\r\n        1000:{\r\n            items: 5,\r\n        }\r\n    }\r\n  });\r\n});\r\n<\/script>    <!-- sktbuilder starter --><script type=\"text\/javascript\" src=\"https:\/\/pieninykajak.pl\/wp-content\/plugins\/skt-builder\/sktbuilder\/sktbuilder-frontend-starter.js\"><\/script><script type=\"text\/javascript\" src=\"https:\/\/pieninykajak.pl\/wp-content\/plugins\/skt-builder\/sktbuilder-wordpress-driver.js\"><\/script><script type=\"text\/javascript\"> var starter = new SktbuilderStarter({\"mode\": \"prod\", \"skip\":[\"jquery\",\"underscore\",\"backbone\"],\"sktbuilderUrl\": \"https:\/\/pieninykajak.pl\/wp-content\/plugins\/skt-builder\/sktbuilder\/\", \"driver\": new SktbuilderWordpressDriver({\"ajaxUrl\": \"https:\/\/pieninykajak.pl\/wp-admin\/admin-ajax.php\", \"iframeUrl\": \"https:\/\/pieninykajak.pl\/?sktbuilder=true\", \"pageId\": 3014, \"pages\": [{\"title\":\"O nas\",\"url\":\"https:\\\/\\\/pieninykajak.pl\\\/wp-admin\\\/post.php?post=285&action=sktbuilder\"},{\"title\":\"Oferta\",\"url\":\"https:\\\/\\\/pieninykajak.pl\\\/wp-admin\\\/post.php?post=2019&action=sktbuilder\"},{\"title\":\"Gallerie\",\"url\":\"https:\\\/\\\/pieninykajak.pl\\\/wp-admin\\\/post.php?post=2050&action=sktbuilder\"},{\"title\":\"FAQ\",\"url\":\"https:\\\/\\\/pieninykajak.pl\\\/wp-admin\\\/post.php?post=2206&action=sktbuilder\"}], \"page\": \"Home\" }) });<\/script><!-- end sktbuilder starter -->","protected":false},"excerpt":{"rendered":"<p>SP\u0141YW KAJAKOWY NA DUNAJCU 1 PRZYRODA Trasa sp\u0142ywu kajakowego, obejmuje tereny Pieni\u0144skiego Parku Narodowego, oraz tereny granicy Polsko &#8211; S\u0142owackiej. 2 OSZCZ\u0118DNO\u015a\u0106 PIENI\u0118DZY Sp\u0142yw kajakiem jest jedn\u0105 z najta\u0144szych ofert poznania tej cz\u0119\u015bci pienin, a w dodatku p\u0142yn\u0105cy sam decyduje o tempie wycieczki. 3 PI\u0118KNE WIDOKI Ka\u017cdy p\u0142yn\u0105cy kajakiem w prze\u0142omie Dunajca ma pewno\u015b\u0107, \u017ce<br \/><a class=\"moretag\" href=\"https:\/\/pieninykajak.pl\/\">+ Read More<\/a><\/p>\n","protected":false},"author":1,"featured_media":0,"parent":0,"menu_order":0,"comment_status":"closed","ping_status":"closed","template":"templates\/page-builder.php","meta":{"footnotes":""},"_links":{"self":[{"href":"https:\/\/pieninykajak.pl\/index.php?rest_route=\/wp\/v2\/pages\/3014"}],"collection":[{"href":"https:\/\/pieninykajak.pl\/index.php?rest_route=\/wp\/v2\/pages"}],"about":[{"href":"https:\/\/pieninykajak.pl\/index.php?rest_route=\/wp\/v2\/types\/page"}],"author":[{"embeddable":true,"href":"https:\/\/pieninykajak.pl\/index.php?rest_route=\/wp\/v2\/users\/1"}],"replies":[{"embeddable":true,"href":"https:\/\/pieninykajak.pl\/index.php?rest_route=%2Fwp%2Fv2%2Fcomments&post=3014"}],"version-history":[{"count":12,"href":"https:\/\/pieninykajak.pl\/index.php?rest_route=\/wp\/v2\/pages\/3014\/revisions"}],"predecessor-version":[{"id":3116,"href":"https:\/\/pieninykajak.pl\/index.php?rest_route=\/wp\/v2\/pages\/3014\/revisions\/3116"}],"wp:attachment":[{"href":"https:\/\/pieninykajak.pl\/index.php?rest_route=%2Fwp%2Fv2%2Fmedia&parent=3014"}],"curies":[{"name":"wp","href":"https:\/\/api.w.org\/{rel}","templated":true}]}}