{"id":2206,"date":"2016-02-29T07:12:56","date_gmt":"2016-02-29T06:12:56","guid":{"rendered":"http:\/\/sktthemesdemo.net\/complete\/?page_id=2206"},"modified":"2020-05-31T23:51:01","modified_gmt":"2020-05-31T21:51:01","slug":"flip-box-shortcode","status":"publish","type":"page","link":"https:\/\/pieninykajak.pl\/?page_id=2206","title":{"rendered":"FAQ"},"content":{"rendered":"<div id=\"sktbuilder-text-block-31\" class=\"sktbuilder-block sktbuilder-text\">\r\n    <div class=\"qb-container\">\r\n            <div class=\"sktbuilder-header\">\r\n                <h2 class=\"sktbuilder-header__title sktbuilder-text__title sktbuilder-header__title_color_black\">Najcze\u015bciej zadawane pytania:<\/h2>\r\n                <div class=\"sktbuilder-header__description sktbuilder-text__description sktbuilder-header__description_color_black\">\r\n                   <p><br><\/p><p><strong>Jak si\u0119 um\u00f3wi\u0107 na sp\u0142yw ?<\/strong><\/p><p>- Najlepiej poprzez Tel. kontaktowy 795953737 lub e-mail<\/p><p><strong>Czy zabra\u0107 ze sob\u0105 dokumenty ?<\/strong><\/p><p>Dokument To\u017csamo\u015bci b\u0119dzie potrzebny do wypo\u017cyczenia kajak\u00f3w<\/p><p><strong>Jak si\u0119 ubra\u0107 na kajaki ? <\/strong><\/p><p>- Je\u015bli jest s\u0142onecznie i ciep\u0142o to ubieramy si\u0119 w koszulke spodenki buty najlepiej Piankowe , sanda\u0142y lub takie kt\u00f3re mog\u0105 zamokn\u0105\u0107<\/p><p>- jeslli pogoda jest nie pewna , posiadamy pianki neoprenowe<\/p><p><strong>Czy b\u0119dzie mo\u017cliwo\u015b\u0107 przebrania si\u0119 po sp\u0142ywie?<\/strong><\/p><p>- Posiadamy mobilne przebierlanie<\/p><p><strong>Co mo\u017cna zabra\u0107 ze sob\u0105 do kajaka?<\/strong><\/p><p>Telefon , dokumenty , aparat , woda,&nbsp;na wszystkie rzeczy dostaniecie worki wodoszczelne , jak r\u00f3wnie\u017c specjalne etui na telefon, kt\u00f3re zawiesicie&nbsp;sobie na szyi i zrobicie niezapomniane zdj\u0119cia w dowolnym czasie. Rzeczy zabieramy na w\u0142asn\u0105 odpowiedzialno\u015b\u0107 , za zgubione rzeczy nie ponosimy odpowiedzialno\u015b\u0107 .<\/p><p><strong>Dla kogo:<\/strong><\/p><p>-Klienci indywidualni, grupy zorganizowane , sp\u0142ywy rodzinne, studenci .<\/p><p><strong>Poziom trudno\u015bci ;<\/strong><\/p><p>-Pocz\u0105tkuj\u0105cy , \u015brednio-zawansowany ( uzale\u017cnione od stanu wody)<\/p><p><strong>Czas trwania:<\/strong><\/p><p><strong>1,5h \u2013 2,5h<\/strong><\/p>\r\n                <\/div>\r\n            <\/div>\r\n    <\/div>\r\n<\/div>    <!-- sktbuilder starter --><script type=\"text\/javascript\" src=\"https:\/\/pieninykajak.pl\/wp-content\/plugins\/skt-builder\/sktbuilder\/sktbuilder-frontend-starter.js\"><\/script><script type=\"text\/javascript\" src=\"https:\/\/pieninykajak.pl\/wp-content\/plugins\/skt-builder\/sktbuilder-wordpress-driver.js\"><\/script><script type=\"text\/javascript\"> var starter = new SktbuilderStarter({\"mode\": \"prod\", \"skip\":[\"jquery\",\"underscore\",\"backbone\"],\"sktbuilderUrl\": \"https:\/\/pieninykajak.pl\/wp-content\/plugins\/skt-builder\/sktbuilder\/\", \"driver\": new SktbuilderWordpressDriver({\"ajaxUrl\": \"https:\/\/pieninykajak.pl\/wp-admin\/admin-ajax.php\", \"iframeUrl\": \"https:\/\/pieninykajak.pl\/?page_id=2206&sktbuilder=true\", \"pageId\": 2206, \"pages\": [{\"title\":\"O nas\",\"url\":\"https:\\\/\\\/pieninykajak.pl\\\/wp-admin\\\/post.php?post=285&action=sktbuilder\"},{\"title\":\"Oferta\",\"url\":\"https:\\\/\\\/pieninykajak.pl\\\/wp-admin\\\/post.php?post=2019&action=sktbuilder\"},{\"title\":\"Gallerie\",\"url\":\"https:\\\/\\\/pieninykajak.pl\\\/wp-admin\\\/post.php?post=2050&action=sktbuilder\"},{\"title\":\"Home\",\"url\":\"https:\\\/\\\/pieninykajak.pl\\\/wp-admin\\\/post.php?post=3014&action=sktbuilder\"}], \"page\": \"FAQ\" }) });<\/script><!-- end sktbuilder starter -->","protected":false},"excerpt":{"rendered":"<p>Najcze\u015bciej zadawane pytania: Jak si\u0119 um\u00f3wi\u0107 na sp\u0142yw ?- Najlepiej poprzez Tel. kontaktowy 795953737 lub e-mailCzy zabra\u0107 ze sob\u0105 dokumenty ?Dokument To\u017csamo\u015bci b\u0119dzie potrzebny do wypo\u017cyczenia kajak\u00f3wJak si\u0119 ubra\u0107 na kajaki ? &#8211; Je\u015bli jest s\u0142onecznie i ciep\u0142o to ubieramy si\u0119 w koszulke spodenki buty najlepiej Piankowe , sanda\u0142y lub takie kt\u00f3re mog\u0105 zamokn\u0105\u0107- jeslli<br \/><a class=\"moretag\" href=\"https:\/\/pieninykajak.pl\/?page_id=2206\">+ Read More<\/a><\/p>\n","protected":false},"author":1,"featured_media":2367,"parent":0,"menu_order":0,"comment_status":"closed","ping_status":"closed","template":"templates\/page-fullwidth_template.php","meta":{"footnotes":""},"_links":{"self":[{"href":"https:\/\/pieninykajak.pl\/index.php?rest_route=\/wp\/v2\/pages\/2206"}],"collection":[{"href":"https:\/\/pieninykajak.pl\/index.php?rest_route=\/wp\/v2\/pages"}],"about":[{"href":"https:\/\/pieninykajak.pl\/index.php?rest_route=\/wp\/v2\/types\/page"}],"author":[{"embeddable":true,"href":"https:\/\/pieninykajak.pl\/index.php?rest_route=\/wp\/v2\/users\/1"}],"replies":[{"embeddable":true,"href":"https:\/\/pieninykajak.pl\/index.php?rest_route=%2Fwp%2Fv2%2Fcomments&post=2206"}],"version-history":[{"count":3,"href":"https:\/\/pieninykajak.pl\/index.php?rest_route=\/wp\/v2\/pages\/2206\/revisions"}],"predecessor-version":[{"id":3105,"href":"https:\/\/pieninykajak.pl\/index.php?rest_route=\/wp\/v2\/pages\/2206\/revisions\/3105"}],"wp:featuredmedia":[{"embeddable":true,"href":"https:\/\/pieninykajak.pl\/index.php?rest_route=\/"}],"wp:attachment":[{"href":"https:\/\/pieninykajak.pl\/index.php?rest_route=%2Fwp%2Fv2%2Fmedia&parent=2206"}],"curies":[{"name":"wp","href":"https:\/\/api.w.org\/{rel}","templated":true}]}}