{"id":285,"date":"2016-02-24T09:07:24","date_gmt":"2016-02-24T08:07:24","guid":{"rendered":"http:\/\/sktthemesdemo.net\/complete\/?page_id=285"},"modified":"2021-07-07T10:39:19","modified_gmt":"2021-07-07T08:39:19","slug":"about-us","status":"publish","type":"page","link":"http:\/\/pieninykajak.pl\/?page_id=285","title":{"rendered":"O nas"},"content":{"rendered":"<div id=\"skt-builder-testimonial-carousel-block-145\" class=\"skt-builder-block-wrapper skt-builder-testimonial-carousel-block skt-builder-testimonial-carousel-block-145\" style=\"background-color: #ffffff; background-image: url(); padding-bottom: 50px; padding-top: 60px; \">\r\n\t<div class=\"skt-builder-block-inner skt-builder-block-inner-145\" style=\"\">\r\n\t\t<div class=\"skt-builder-container\">\r\n\t\t\t\t<div class=\"skt-builder-block-title\">\r\n\t\t\t\t\t<h2 style=\"color: #282828; text-align: left;\">Nasz zesp\u00f3\u0142<\/h2>\r\n\t\t\t\t<\/div>\r\n                <div class=\"skt-builder-block-description\"><p>Sp\u0142ywy kajakiem po Dunajcu z rodzin\u0105, indywidualnie czy&nbsp;firmowy to doskona\u0142a forma rozrywki z ogromn\u0105 dawk\u0105 adrenaliny. Niezapomniana i wyj\u0105tkowa zabawa na falach, kt\u00f3ra na d\u0142ugo pozostanie w pami\u0119ci i wspomnieniach ka\u017cdego uczestnika. By zachowa\u0107 niezapomniane wra\u017cenia towarzysz\u0105ce sp\u0142ywem w prze\u0142omie Dunajca r\u00f3wnie\u017c wa\u017cne jest by odby\u0142 si\u0119 on pod okiem do\u015bwiadczonej kadry.<\/p><\/div>\r\n\t\t\t<style>\r\n\t\t\t\t.skt-builder-carousel.owl-carousel-145 .owl-nav{font-size: 40px; text-align: right;}\r\n\t\t\t\t.skt-builder-carousel.owl-carousel-145 .owl-prev{color: #000000 !important; margin-right: 15px;}\r\n\t\t\t\t.skt-builder-carousel.owl-carousel-145 .owl-next{color: #000000 !important;}\r\n\t\t\t\t.skt-builder-carousel.owl-carousel-145 .owl-prev:hover, .skt-builder-carousel.owl-carousel-145 .owl-next:hover{color: #A2A2A2 !important;}\r\n\t\t\t\t.skt-builder-carousel.owl-carousel-145 .owl-dots{text-align: center;}\r\n\t\t\t\t.skt-builder-carousel.owl-carousel-145 .owl-dots .owl-dot{background-color: #FFFFFF; border-color: #000000;}\r\n\t\t\t\t.skt-builder-carousel.owl-carousel-145 .owl-dots .owl-dot.active{background-color: #000000; border-color: #000000;}\r\n\t\t\t<\/style>\r\n\t\t\t<div class=\"skt-builder-carousel skt-builder-carousel-bullets-style1 owl-carousel-builder owl-carousel-145\" style=\"padding-top: 60px;\">\r\n\t\t\t\t\t<div class=\"item\" style=\"padding-top: 65px;\">\r\n\t\t\t\t\t\t<div class=\"skt-builder-testimonial-carousel-content\" style=\"background-color: #282828; text-align: center; padding-top: 110px;\">\r\n\t\t\t\t\t\t\t<div class=\"skt-builder-testimonial-carousel-image\" style=\"border-color: #282828;\"><img decoding=\"async\" src=\"http:\/\/pieninykajak.pl\/wp-content\/uploads\/2020\/05\/TKucia.png\"><\/div>\r\n\t\t\t\t\t\t\t<div class=\"skt-builder-testimonial-carousel-quote\" style=\"color: #FFFFFF;\"><i class=\"fa fa-quote-left\" aria-hidden=\"true\"><\/i><\/div>\r\n\t\t\t\t\t\t\t<div class=\"skt-builder-testimonial-carousel-description\" style=\"color: #FFFFFF;\"><p>Absolwent Szko\u0142y Mistrzostwa Sportowego w Krakowie, Absolwent studi\u00f3w Magisterskich PPWSZ Nowy TARG na kierunku Turystyka i Rekreacja. By\u0142y reprezentant Polski w kajakarstwie slalomowym. Uczestnik Mistrzostw \u015awiata i Europy. Z\u0142oty Medalista Mistrzostw Europy Junior\u00f3w ,medalista Mistrzostw Polski. Z wod\u0105 i Dunajcem zwi\u0105zany od ma\u0142ego. <\/p><p>Instruktor Narciarstwa PZN, nordic walking , pilot wycieczek, Animator czasu wolnego , instruktor rekreacji ruchowej, Sternik&nbsp;<\/p><\/div>\r\n\t\t\t\t\t\t\t<h4 class=\"skt-builder-testimonial-carousel-title\" style=\"color: #FFFFFF;\">Tomasz Kucia<\/h4>\r\n\t\t\t\t\t\t\t<p class=\"skt-builder-testimonial-carousel-info\" style=\"color: #FFFFFF;\">Manager &amp; Instruktor \/ Sternik<\/p>\r\n\t\t\t\t\t\t<\/div>\r\n\t\t\t\t\t<\/div>\r\n\t\t\t\t\t<div class=\"item\" style=\"padding-top: 65px;\">\r\n\t\t\t\t\t\t<div class=\"skt-builder-testimonial-carousel-content\" style=\"background-color: #282828; text-align: center; padding-top: 110px;\">\r\n\t\t\t\t\t\t\t<div class=\"skt-builder-testimonial-carousel-image\" style=\"border-color: #282828;\"><img decoding=\"async\" src=\"http:\/\/pieninykajak.pl\/wp-content\/uploads\/2020\/05\/MPiwoni.png\"><\/div>\r\n\t\t\t\t\t\t\t<div class=\"skt-builder-testimonial-carousel-quote\" style=\"color: #FFFFFF;\"><i class=\"fa fa-quote-left\" aria-hidden=\"true\"><\/i><\/div>\r\n\t\t\t\t\t\t\t<div class=\"skt-builder-testimonial-carousel-description\" style=\"color: #FFFFFF;\"><p><span style=\"color: rgb(255, 255, 255);\">Absolwent PPWSZ w Nowym Targu na kierunku Turystyka i Rekreacja. W swojej pracy nie boi si\u0119 niczego , specjalista od klient\u00f3w zagranicznych. Lubi nawi\u0105zywa\u0107 nowe znajomo\u015bci.<\/span><\/p><\/div>\r\n\t\t\t\t\t\t\t<h4 class=\"skt-builder-testimonial-carousel-title\" style=\"color: #FFFFFF;\">Marek Piwoni<\/h4>\r\n\t\t\t\t\t\t\t<p class=\"skt-builder-testimonial-carousel-info\" style=\"color: #FFFFFF;\">Instruktor \/ Sternik<\/p>\r\n\t\t\t\t\t\t<\/div>\r\n\t\t\t\t\t<\/div>\r\n\t\t\t\t\t<div class=\"item\" style=\"padding-top: 65px;\">\r\n\t\t\t\t\t\t<div class=\"skt-builder-testimonial-carousel-content\" style=\"background-color: #282828; text-align: center; padding-top: 110px;\">\r\n\t\t\t\t\t\t\t<div class=\"skt-builder-testimonial-carousel-image\" style=\"border-color: #282828;\"><img decoding=\"async\" src=\"http:\/\/pieninykajak.pl\/wp-content\/uploads\/2020\/05\/WBanko.png\"><\/div>\r\n\t\t\t\t\t\t\t<div class=\"skt-builder-testimonial-carousel-quote\" style=\"color: #FFFFFF;\"><i class=\"fa fa-quote-left\" aria-hidden=\"true\"><\/i><\/div>\r\n\t\t\t\t\t\t\t<div class=\"skt-builder-testimonial-carousel-description\" style=\"color: #FFFFFF;\"><p><span style=\"color: rgb(255, 255, 255);\">Wojciech Banko - Zawsze u\u015bmiechni\u0119ty, pe\u0142ny pozytywnej energii i pasji. Dobry duch zespo\u0142u, dla kt\u00f3rego najwi\u0119kszym bogactwem w \u017cyciu, jest robienie tego co kocha. Zapalony narciarz i \u017ceglarz. W sezonie zimowym instruktor narciarstwa, latem skipper prowadz\u0105cy rejsy morskie na pok\u0142adach jacht\u00f3w. Pasjonat jazzu, klasycznej motoryzacji, od niedawna r\u00f3wnie\u017c motocykli typu adventure enduro.&nbsp;Od najm\u0142odszych lat zwi\u0105zany z Pieninami.<\/span><\/p><\/div>\r\n\t\t\t\t\t\t\t<h4 class=\"skt-builder-testimonial-carousel-title\" style=\"color: #FFFFFF;\">Wojciech Banko<\/h4>\r\n\t\t\t\t\t\t\t<p class=\"skt-builder-testimonial-carousel-info\" style=\"color: #FFFFFF;\">Instruktor \/ Sternik<\/p>\r\n\t\t\t\t\t\t<\/div>\r\n\t\t\t\t\t<\/div>\r\n\t\t\t<\/div>\r\n\t\t<\/div>\r\n\t<\/div>\r\n<\/div>\r\n\r\n<script>\r\njQuery(document).ready(function() {\r\n  jQuery('.owl-carousel-145').owlCarousel({\r\n\tmargin: 30,\r\n\tautoplayTimeout: 3000,\r\n\tsmartSpeed: 500,\r\n\tloop: true,\r\n\tautoplay: true,\r\n\tautoplayHoverPause: true,\r\n\tnav: true,\r\n\tdots: true,\r\n\tnavText: ['<span class=\"fa fa-angle-left\"><\/span>','<span class=\"fa fa-angle-right\"><\/span>'],\r\n\tresponsiveClass: true,\r\n\tresponsive:{\r\n        0:{\r\n            items: 1,\r\n        },\r\n        600:{\r\n            items: 2,\r\n        },\r\n        1000:{\r\n            items: 3,\r\n        }\r\n    }\r\n});\r\n});\r\n<\/script>    <!-- sktbuilder starter --><script type=\"text\/javascript\" src=\"http:\/\/pieninykajak.pl\/wp-content\/plugins\/skt-builder\/sktbuilder\/sktbuilder-frontend-starter.js\"><\/script><script type=\"text\/javascript\" src=\"http:\/\/pieninykajak.pl\/wp-content\/plugins\/skt-builder\/sktbuilder-wordpress-driver.js\"><\/script><script type=\"text\/javascript\"> var starter = new SktbuilderStarter({\"mode\": \"prod\", \"skip\":[\"jquery\",\"underscore\",\"backbone\"],\"sktbuilderUrl\": \"http:\/\/pieninykajak.pl\/wp-content\/plugins\/skt-builder\/sktbuilder\/\", \"driver\": new SktbuilderWordpressDriver({\"ajaxUrl\": \"http:\/\/pieninykajak.pl\/wp-admin\/admin-ajax.php\", \"iframeUrl\": \"http:\/\/pieninykajak.pl\/?page_id=285&sktbuilder=true\", \"pageId\": 285, \"pages\": [{\"title\":\"Oferta\",\"url\":\"http:\\\/\\\/pieninykajak.pl\\\/wp-admin\\\/post.php?post=2019&action=sktbuilder\"},{\"title\":\"Gallerie\",\"url\":\"http:\\\/\\\/pieninykajak.pl\\\/wp-admin\\\/post.php?post=2050&action=sktbuilder\"},{\"title\":\"FAQ\",\"url\":\"http:\\\/\\\/pieninykajak.pl\\\/wp-admin\\\/post.php?post=2206&action=sktbuilder\"},{\"title\":\"Home\",\"url\":\"http:\\\/\\\/pieninykajak.pl\\\/wp-admin\\\/post.php?post=3014&action=sktbuilder\"}], \"page\": \"O nas\" }) });<\/script><!-- end sktbuilder starter -->","protected":false},"excerpt":{"rendered":"<p>Nasz zesp\u00f3\u0142 Sp\u0142ywy kajakiem po Dunajcu z rodzin\u0105, indywidualnie czy&nbsp;firmowy to doskona\u0142a forma rozrywki z ogromn\u0105 dawk\u0105 adrenaliny. Niezapomniana i wyj\u0105tkowa zabawa na falach, kt\u00f3ra na d\u0142ugo pozostanie w pami\u0119ci i wspomnieniach ka\u017cdego uczestnika. By zachowa\u0107 niezapomniane wra\u017cenia towarzysz\u0105ce sp\u0142ywem w prze\u0142omie Dunajca r\u00f3wnie\u017c wa\u017cne jest by odby\u0142 si\u0119 on pod okiem do\u015bwiadczonej kadry. Absolwent<br \/><a class=\"moretag\" href=\"http:\/\/pieninykajak.pl\/?page_id=285\">+ Read More<\/a><\/p>\n","protected":false},"author":1,"featured_media":2364,"parent":0,"menu_order":0,"comment_status":"closed","ping_status":"closed","template":"templates\/page-fullwidth_template.php","meta":{"footnotes":""},"_links":{"self":[{"href":"http:\/\/pieninykajak.pl\/index.php?rest_route=\/wp\/v2\/pages\/285"}],"collection":[{"href":"http:\/\/pieninykajak.pl\/index.php?rest_route=\/wp\/v2\/pages"}],"about":[{"href":"http:\/\/pieninykajak.pl\/index.php?rest_route=\/wp\/v2\/types\/page"}],"author":[{"embeddable":true,"href":"http:\/\/pieninykajak.pl\/index.php?rest_route=\/wp\/v2\/users\/1"}],"replies":[{"embeddable":true,"href":"http:\/\/pieninykajak.pl\/index.php?rest_route=%2Fwp%2Fv2%2Fcomments&post=285"}],"version-history":[{"count":3,"href":"http:\/\/pieninykajak.pl\/index.php?rest_route=\/wp\/v2\/pages\/285\/revisions"}],"predecessor-version":[{"id":3124,"href":"http:\/\/pieninykajak.pl\/index.php?rest_route=\/wp\/v2\/pages\/285\/revisions\/3124"}],"wp:featuredmedia":[{"embeddable":true,"href":"http:\/\/pieninykajak.pl\/index.php?rest_route=\/"}],"wp:attachment":[{"href":"http:\/\/pieninykajak.pl\/index.php?rest_route=%2Fwp%2Fv2%2Fmedia&parent=285"}],"curies":[{"name":"wp","href":"https:\/\/api.w.org\/{rel}","templated":true}]}}